{"id":80,"date":"2024-08-19T19:50:00","date_gmt":"2024-08-19T17:50:00","guid":{"rendered":"https:\/\/szkolanajezykach.pl\/?page_id=80"},"modified":"2024-09-04T12:32:01","modified_gmt":"2024-09-04T10:32:01","slug":"oferta","status":"publish","type":"page","link":"https:\/\/szkolanajezykach.pl\/?page_id=80","title":{"rendered":"OFERTA"},"content":{"rendered":"\t\t<div data-elementor-type=\"wp-page\" data-elementor-id=\"80\" class=\"elementor elementor-80\">\n\t\t\t\t<div class=\"elementor-element elementor-element-39478e12 e-flex e-con-boxed e-con e-parent\" data-id=\"39478e12\" data-element_type=\"container\">\n\t\t\t\t\t<div class=\"e-con-inner\">\n\t\t\t\t<div class=\"elementor-element elementor-element-7e519abc elementor-widget elementor-widget-text-editor\" data-id=\"7e519abc\" data-element_type=\"widget\" data-widget_type=\"text-editor.default\">\n\t\t\t\t<div class=\"elementor-widget-container\">\n\t\t\t<style>\/*! elementor - v3.23.0 - 05-08-2024 *\/\n.elementor-widget-text-editor.elementor-drop-cap-view-stacked .elementor-drop-cap{background-color:#69727d;color:#fff}.elementor-widget-text-editor.elementor-drop-cap-view-framed .elementor-drop-cap{color:#69727d;border:3px solid;background-color:transparent}.elementor-widget-text-editor:not(.elementor-drop-cap-view-default) .elementor-drop-cap{margin-top:8px}.elementor-widget-text-editor:not(.elementor-drop-cap-view-default) .elementor-drop-cap-letter{width:1em;height:1em}.elementor-widget-text-editor .elementor-drop-cap{float:left;text-align:center;line-height:1;font-size:50px}.elementor-widget-text-editor .elementor-drop-cap-letter{display:inline-block}<\/style>\t\t\t\t<!-- wp:heading -->\n<h2 class=\"wp-block-heading\"><strong><em>Kursy dla przedszkolaka<\/em><\/strong><\/h2>\n<!-- \/wp:heading --><!-- wp:paragraph -->\n<p>\u00a0<\/p>\n<!-- \/wp:paragraph --><!-- wp:paragraph -->\n<p><em><strong>(ju\u017c od 2 roku \u017cycia !)<\/strong><\/em><\/p>\n<!-- \/wp:paragraph --><!-- wp:image {\"id\":92,\"sizeSlug\":\"large\",\"linkDestination\":\"none\"} -->\n<figure class=\"wp-block-image size-large\"><img fetchpriority=\"high\" decoding=\"async\" width=\"1024\" height=\"683\" class=\"wp-image-92\" src=\"https:\/\/szkolanajezykach.pl\/wp-content\/uploads\/2024\/08\/kursy-dla-przedszkolaka-obraz-1024x683.jpg\" alt=\"\" srcset=\"https:\/\/szkolanajezykach.pl\/wp-content\/uploads\/2024\/08\/kursy-dla-przedszkolaka-obraz-1024x683.jpg 1024w, https:\/\/szkolanajezykach.pl\/wp-content\/uploads\/2024\/08\/kursy-dla-przedszkolaka-obraz-300x200.jpg 300w, https:\/\/szkolanajezykach.pl\/wp-content\/uploads\/2024\/08\/kursy-dla-przedszkolaka-obraz-768x512.jpg 768w, https:\/\/szkolanajezykach.pl\/wp-content\/uploads\/2024\/08\/kursy-dla-przedszkolaka-obraz-1536x1025.jpg 1536w, https:\/\/szkolanajezykach.pl\/wp-content\/uploads\/2024\/08\/kursy-dla-przedszkolaka-obraz-2048x1367.jpg 2048w\" sizes=\"(max-width: 1024px) 100vw, 1024px\" \/><\/figure>\n<!-- \/wp:image --><!-- wp:pullquote -->\n<figure class=\"wp-block-pullquote\">\n<blockquote>\n<p>Zaj\u0119cia najm\u0142odszych przeprowadzane s\u0105 w oparciu o ksi\u0105\u017ceczki kt\u00f3rym towarzysz\u0105 gry\/ piosenki\/ rymowanki\/zabawy j\u0119zykowe. Zaj\u0119cia przedszkolak\u00f3w s\u0105 radosne i rozwijaj\u0105ce. Nasze metody sprawiaj\u0105, \u017ce Twoje pociechy z ogromn\u0105 rado\u015bci\u0105 b\u0119d\u0105 poprzez zabaw\u0119 ch\u0142on\u0105\u0107 wiedz\u0119, a co najwa\u017cniejsze, nie b\u0119d\u0105 mog\u0142y doczeka\u0107 si\u0119 nast\u0119pnych zaj\u0119\u0107 12<br \/>Dzi\u0119ki naszym zaj\u0119ciom gwarantujesz im dobry start w przysz\u0142o\u015b\u0107 ! <br \/>Czas trwania zaj\u0119\u0107 1xtyg\/ 35min<\/p>\n<\/blockquote>\n<\/figure>\n<!-- \/wp:pullquote --><!-- wp:paragraph -->\n<p>\u00a0<\/p>\n<!-- \/wp:paragraph --><!-- wp:paragraph -->\n<p>\u00a0<\/p>\n<!-- \/wp:paragraph --><!-- wp:heading -->\n<h2 class=\"wp-block-heading\"><em><strong>Kursy dla szk\u00f3\u0142 podstawowych\/\u015brednich<\/strong><\/em><\/h2>\n<!-- \/wp:heading --><!-- wp:paragraph -->\n<p>\u00a0<\/p>\n<!-- \/wp:paragraph --><!-- wp:paragraph -->\n<p>\u00a0<\/p>\n<!-- \/wp:paragraph --><!-- wp:image {\"id\":90,\"sizeSlug\":\"large\",\"linkDestination\":\"none\"} -->\n<figure class=\"wp-block-image size-large\"><img decoding=\"async\" width=\"1024\" height=\"683\" class=\"wp-image-90\" src=\"https:\/\/szkolanajezykach.pl\/wp-content\/uploads\/2024\/08\/kursy-dla-szkoly-podstaw.-obraz-1024x683.jpg\" alt=\"\" srcset=\"https:\/\/szkolanajezykach.pl\/wp-content\/uploads\/2024\/08\/kursy-dla-szkoly-podstaw.-obraz-1024x683.jpg 1024w, https:\/\/szkolanajezykach.pl\/wp-content\/uploads\/2024\/08\/kursy-dla-szkoly-podstaw.-obraz-300x200.jpg 300w, https:\/\/szkolanajezykach.pl\/wp-content\/uploads\/2024\/08\/kursy-dla-szkoly-podstaw.-obraz-768x512.jpg 768w, https:\/\/szkolanajezykach.pl\/wp-content\/uploads\/2024\/08\/kursy-dla-szkoly-podstaw.-obraz-1536x1024.jpg 1536w, https:\/\/szkolanajezykach.pl\/wp-content\/uploads\/2024\/08\/kursy-dla-szkoly-podstaw.-obraz-2048x1365.jpg 2048w\" sizes=\"(max-width: 1024px) 100vw, 1024px\" \/><\/figure>\n<!-- \/wp:image --><!-- wp:pullquote -->\n<figure class=\"wp-block-pullquote\">\n<blockquote>\n<p>Pomoc szkolna lub dodatkowe zaj\u0119cia w ramach uzyskania jeszcze lepszych efekt\u00f3w j\u0119zykowych ?\u00a0\u00a0\u00a0\u00a0 A mo\u017ce chcesz , \u017ceby twoje dziecko w ko\u0144cu m\u00f3wi\u0142o po angielsku lub hiszpa\u0144sku &#8211; tylko w Na J\u0119zykach !\u00a0\u00a0\u00a0\u00a0 Przygotujemy twoje dziecko do trudnego sprawdziany lub kartk\u00f3wki.\u00a0 Poka\u017cemy, \u017ce nauka j\u0119zyk\u00f3w obcych to czysta przyjemno\u015b\u0107. Z nasz\u0105 pomoc\u0105 twoja pociecha zacznie swobodnie w\u0142ada\u0107 j\u0119zykiem obcym.<br \/>Czas trwania zaj\u0119\u0107 1xtyg\/50 min lub 2xtyg\/50 min<\/p>\n<\/blockquote>\n<\/figure>\n<!-- \/wp:pullquote --><!-- wp:paragraph -->\n<p>\u00a0<\/p>\n<!-- \/wp:paragraph --><!-- wp:paragraph -->\n<p>\u00a0<\/p>\n<!-- \/wp:paragraph --><!-- wp:heading -->\n<h2 class=\"wp-block-heading\"><em><strong>Egzaminy 8 klasa\/ matura\/ certyfikaty<\/strong><\/em>\u00a0\u00a0\u00a0<\/h2>\n<!-- \/wp:heading --><!-- wp:image {\"id\":93,\"sizeSlug\":\"large\",\"linkDestination\":\"none\"} -->\n<figure class=\"wp-block-image size-large\"><img decoding=\"async\" width=\"1024\" height=\"768\" class=\"wp-image-93\" src=\"https:\/\/szkolanajezykach.pl\/wp-content\/uploads\/2024\/08\/na-zyczenie-sluchacza-certyfikat-na-zkonczenie-kursu-obraz-1024x768.jpg\" alt=\"\" srcset=\"https:\/\/szkolanajezykach.pl\/wp-content\/uploads\/2024\/08\/na-zyczenie-sluchacza-certyfikat-na-zkonczenie-kursu-obraz-1024x768.jpg 1024w, https:\/\/szkolanajezykach.pl\/wp-content\/uploads\/2024\/08\/na-zyczenie-sluchacza-certyfikat-na-zkonczenie-kursu-obraz-300x225.jpg 300w, https:\/\/szkolanajezykach.pl\/wp-content\/uploads\/2024\/08\/na-zyczenie-sluchacza-certyfikat-na-zkonczenie-kursu-obraz-768x576.jpg 768w, https:\/\/szkolanajezykach.pl\/wp-content\/uploads\/2024\/08\/na-zyczenie-sluchacza-certyfikat-na-zkonczenie-kursu-obraz-1536x1152.jpg 1536w, https:\/\/szkolanajezykach.pl\/wp-content\/uploads\/2024\/08\/na-zyczenie-sluchacza-certyfikat-na-zkonczenie-kursu-obraz.jpg 1999w\" sizes=\"(max-width: 1024px) 100vw, 1024px\" \/><\/figure>\n<!-- \/wp:image --><!-- wp:pullquote -->\n<figure class=\"wp-block-pullquote\">\n<blockquote>\n<p>Nasi lektorzy to\u00a0 m.in.\u00a0 Egzaminatorzy O\u015bwiatowi,\u00a0 dzi\u0119ki temu wiemy na co zwr\u00f3ci\u0107 szczeg\u00f3lna uwag\u0119 podczas omawiania zagadnie\u0144 egzaminacyjnych. Tym samym , chcemy aby wiedza teoretyczna sz\u0142a r\u00f3wno z praktykom.\u00a0 Na zaj\u0119ciach\u00a0 omawiamy i \u0107wiczymy\u00a0 wszystkie cz\u0119\u015bci\u00a0 egzamin\u00f3w ( czytanie, s\u0142uchanie , pisanie , odpowied\u017a ustana ). Odpowiednio dobrane materia\u0142y oraz metoda nauczania zawsze ko\u0144czy si\u0119 sukcesem !<br \/>Przygotowujemy do egzamin\u00f3w Cambridge !<br \/>Czas trwania zaj\u0119\u0107 1xtyg\/50 min lub 2xtyg\/50 min<\/p>\n<\/blockquote>\n<\/figure>\n<!-- \/wp:pullquote --><!-- wp:paragraph -->\n<p>\u00a0<\/p>\n<!-- \/wp:paragraph --><!-- wp:heading -->\n<h2 class=\"wp-block-heading\"><strong><em>Kursy konwersacyjne<\/em><\/strong>\u00a0<\/h2>\n<!-- \/wp:heading --><!-- wp:paragraph -->\n<p>\u00a0<\/p>\n<!-- \/wp:paragraph --><!-- wp:image {\"id\":101,\"sizeSlug\":\"large\",\"linkDestination\":\"none\"} -->\n<figure class=\"wp-block-image size-large\"><img loading=\"lazy\" decoding=\"async\" width=\"1024\" height=\"683\" class=\"wp-image-101\" src=\"https:\/\/szkolanajezykach.pl\/wp-content\/uploads\/2024\/08\/kursy-dla-doroslych-obraz-1024x683.jpg\" alt=\"\" srcset=\"https:\/\/szkolanajezykach.pl\/wp-content\/uploads\/2024\/08\/kursy-dla-doroslych-obraz-1024x683.jpg 1024w, https:\/\/szkolanajezykach.pl\/wp-content\/uploads\/2024\/08\/kursy-dla-doroslych-obraz-300x200.jpg 300w, https:\/\/szkolanajezykach.pl\/wp-content\/uploads\/2024\/08\/kursy-dla-doroslych-obraz-768x512.jpg 768w, https:\/\/szkolanajezykach.pl\/wp-content\/uploads\/2024\/08\/kursy-dla-doroslych-obraz-1536x1025.jpg 1536w, https:\/\/szkolanajezykach.pl\/wp-content\/uploads\/2024\/08\/kursy-dla-doroslych-obraz-2048x1367.jpg 2048w\" sizes=\"(max-width: 1024px) 100vw, 1024px\" \/><\/figure>\n<!-- \/wp:image --><!-- wp:pullquote -->\n<figure class=\"wp-block-pullquote\">\n<blockquote>\n<p>Zamierzasz zacz\u0105\u0107 now\u0105 prac\u0119? Wyjazd wakacyjny?<br \/>S\u0142owa kt\u00f3re s\u0142yszymy bardzo cz\u0119sto \u201e Kiedy\u015b ju\u017c si\u0119 uczy\u0142em \u2018\u2019\u00a0 lub \u2018\u2019 Dawno nie u\u017cywa\u0142em j\u0119zyka obcego \u201e<br \/>Pomo\u017cemy tobie od\u015bwie\u017cy\u0107 t\u0105 wiedz\u0119 i skorygujemy ewentualne braki i b\u0142\u0119dy j\u0119zykowe.<br \/>Kurs ten przeznaczony jest dla os\u00f3b kt\u00f3re chc\u0105 pos\u0142ugiwa\u0107 si\u0119 j\u0119zykiem obcym swobodnie, w sytuacjach takich jak lotnisko, restauracja, bank lub po prostu b\u0119d\u0105 regularnie u\u017cywa\u0107 j\u0119zyka obcego w nowym miejscu pracy.<br \/>Czas trwania zaj\u0119\u0107 1xtyg\/ 50 min lub 2xtyg\/50 min<\/p>\n<\/blockquote>\n<\/figure>\n<!-- \/wp:pullquote --><!-- wp:paragraph -->\n<p>\u00a0<\/p>\n<!-- \/wp:paragraph --><!-- wp:paragraph -->\n<p>\u00a0<\/p>\n<!-- \/wp:paragraph --><!-- wp:heading -->\n<h2 class=\"wp-block-heading\"><strong><em>Kursy z Native Speakerem<\/em><\/strong><\/h2>\n<!-- \/wp:heading --><!-- wp:paragraph -->\n<p>\u00a0<\/p>\n<!-- \/wp:paragraph --><!-- wp:image {\"id\":103,\"sizeSlug\":\"large\",\"linkDestination\":\"none\"} -->\n<figure class=\"wp-block-image size-large\"><img loading=\"lazy\" decoding=\"async\" width=\"1024\" height=\"683\" class=\"wp-image-103\" src=\"https:\/\/szkolanajezykach.pl\/wp-content\/uploads\/2024\/08\/kurs-z-native-speakerem-obraz-1024x683.jpg\" alt=\"\" srcset=\"https:\/\/szkolanajezykach.pl\/wp-content\/uploads\/2024\/08\/kurs-z-native-speakerem-obraz-1024x683.jpg 1024w, https:\/\/szkolanajezykach.pl\/wp-content\/uploads\/2024\/08\/kurs-z-native-speakerem-obraz-300x200.jpg 300w, https:\/\/szkolanajezykach.pl\/wp-content\/uploads\/2024\/08\/kurs-z-native-speakerem-obraz-768x512.jpg 768w, https:\/\/szkolanajezykach.pl\/wp-content\/uploads\/2024\/08\/kurs-z-native-speakerem-obraz-1536x1024.jpg 1536w, https:\/\/szkolanajezykach.pl\/wp-content\/uploads\/2024\/08\/kurs-z-native-speakerem-obraz-2048x1365.jpg 2048w\" sizes=\"(max-width: 1024px) 100vw, 1024px\" \/>\n<figcaption class=\"wp-element-caption\">.<\/figcaption>\n<\/figure>\n<!-- \/wp:image --><!-- wp:pullquote -->\n<figure class=\"wp-block-pullquote\">\n<blockquote>\n<p>W Naszej Szkole do Pa\u0144stwa dyspozycji s\u0105 native speakerzy z USA oraz UK.<br \/>Pomog\u0105 oni operowa\u0107 j\u0119zykiem efektywniej i szybciej.\u00a0 Poznasz kultur\u0119 kraj\u00f3w angloj\u0119zycznych , slangi j\u0119zykowe; odkryjesz prawdziwy j\u0119zyk , kt\u00f3ry czasami odbiega od generalnie przyj\u0119tych podr\u0119cznik\u00f3w szkolnych.<br \/><br \/>Czas trwania zaj\u0119\u0107 1xtyg\/50 min lub 2xtyg\/50 min<\/p>\n<\/blockquote>\n<\/figure>\n<!-- \/wp:pullquote --><!-- wp:heading {\"textAlign\":\"left\"} -->\n<h2 class=\"wp-block-heading has-text-align-left\"><em><strong>Kursy dla firm<\/strong><\/em><\/h2>\n<!-- \/wp:heading --><!-- wp:image {\"id\":205,\"sizeSlug\":\"large\",\"linkDestination\":\"none\"} -->\n<figure class=\"wp-block-image size-large\"><img loading=\"lazy\" decoding=\"async\" width=\"1024\" height=\"683\" class=\"wp-image-205\" src=\"https:\/\/szkolanajezykach.pl\/wp-content\/uploads\/2024\/08\/kurs-dla-firm-obraz-1024x683.jpg\" alt=\"\" srcset=\"https:\/\/szkolanajezykach.pl\/wp-content\/uploads\/2024\/08\/kurs-dla-firm-obraz-1024x683.jpg 1024w, https:\/\/szkolanajezykach.pl\/wp-content\/uploads\/2024\/08\/kurs-dla-firm-obraz-300x200.jpg 300w, https:\/\/szkolanajezykach.pl\/wp-content\/uploads\/2024\/08\/kurs-dla-firm-obraz-768x512.jpg 768w, https:\/\/szkolanajezykach.pl\/wp-content\/uploads\/2024\/08\/kurs-dla-firm-obraz-1536x1024.jpg 1536w, https:\/\/szkolanajezykach.pl\/wp-content\/uploads\/2024\/08\/kurs-dla-firm-obraz-2048x1365.jpg 2048w\" sizes=\"(max-width: 1024px) 100vw, 1024px\" \/><\/figure>\n<!-- \/wp:image --><!-- wp:pullquote -->\n<figure class=\"wp-block-pullquote\">\n<blockquote>\n<p>Rozw\u00f3j twojej firmy oraz pracownik\u00f3w to rzecz na kt\u00f3rej nie warto oszcz\u0119dza\u0107 !\u00a0\u00a0\u00a0 Zaufa\u0142o Nam ju\u017c wiele instytucji kt\u00f3re rozwin\u0119\u0142y umiej\u0119tno\u015bci komunikacyjne swoich pracownik\u00f3w. Specjalnie dla twojej firmy, stworzymy dopasowany kurs j\u0119zykowy, poprzez jego wdr\u0105\u017cenie, szybko i efektywnie zdob\u0119dziesz nowych kontrahent\u00f3w\u00a0 jak i wprowadzisz swoja firm\u0119 na nowy poziom.<\/p>\n<p>Zaj\u0119cia mog\u0105 odbywa\u0107 si\u0119 w formie online \/ w budynku firmy lub w budynku Szko\u0142y Na J\u0119zykach<\/p>\n<p>( Czas trwania zaj\u0119\u0107\u00a0 jak i cz\u0119stotliwo\u015b\u0107 spotka\u0144 ustalany jest z klientem ).<\/p>\n<\/blockquote>\n<\/figure>\n<!-- \/wp:pullquote --><!-- wp:quote -->\n<blockquote class=\"wp-block-quote\"><!-- wp:heading -->\n<h2 class=\"wp-block-heading\"><strong><em>Warsztaty j\u0119zykowe<\/em><\/strong><\/h2>\n<!-- \/wp:heading --><\/blockquote>\n<!-- \/wp:quote --><!-- wp:image {\"id\":207,\"sizeSlug\":\"large\",\"linkDestination\":\"none\"} -->\n<figure class=\"wp-block-image size-large\"><img loading=\"lazy\" decoding=\"async\" width=\"1024\" height=\"683\" class=\"wp-image-207\" src=\"https:\/\/szkolanajezykach.pl\/wp-content\/uploads\/2024\/08\/przygotowanie-do-matury-i-egz-8-kl-obraz-1024x683.jpg\" alt=\"\" srcset=\"https:\/\/szkolanajezykach.pl\/wp-content\/uploads\/2024\/08\/przygotowanie-do-matury-i-egz-8-kl-obraz-1024x683.jpg 1024w, https:\/\/szkolanajezykach.pl\/wp-content\/uploads\/2024\/08\/przygotowanie-do-matury-i-egz-8-kl-obraz-300x200.jpg 300w, https:\/\/szkolanajezykach.pl\/wp-content\/uploads\/2024\/08\/przygotowanie-do-matury-i-egz-8-kl-obraz-768x512.jpg 768w, https:\/\/szkolanajezykach.pl\/wp-content\/uploads\/2024\/08\/przygotowanie-do-matury-i-egz-8-kl-obraz-1536x1024.jpg 1536w, https:\/\/szkolanajezykach.pl\/wp-content\/uploads\/2024\/08\/przygotowanie-do-matury-i-egz-8-kl-obraz-2048x1365.jpg 2048w\" sizes=\"(max-width: 1024px) 100vw, 1024px\" \/><\/figure>\n<!-- \/wp:image --><!-- wp:pullquote -->\n<figure class=\"wp-block-pullquote\">\n<blockquote>\n<p>Warsztaty prowadzone s\u0105 w okresie ferii zimowych oraz wakacji letnich, jest to dawka fantastycznej zabawy dla najm\u0142odszych kt\u00f3rej towarzyszy nauka j\u0119zyk\u00f3w obcych. Gry, zabawy, karaoke , szykanie skarb\u00f3w i wiele wi\u0119cej.<\/p>\n<\/blockquote>\n<\/figure>\n<!-- \/wp:pullquote --><!-- wp:pullquote -->\n<figure class=\"wp-block-pullquote\">\n<blockquote>\n<p>Uczymy na wszystkich poziomach j\u0119zykowych !<br \/>Szko\u0142a przystosowana dla os\u00f3b niepe\u0142nosprawnych !<br \/>Zaj\u0119cia stacjonarnie i online !<br \/>Zaj\u0119cia indywidualne , w parach i grupach !<br \/>Oferujemy zaj\u0119cia od wczesnych godzin porannych do wieczora !<br \/>Nasza Szko\u0142a to miejsce dla ma\u0142ych i du\u017cych , ka\u017cdy znajdzie dla siebie odpowiednie zaj\u0119cia, kt\u00f3re dopasujemy do Pa\u0144stwa oczekiwa\u0144 !<\/p>\n<\/blockquote>\n<\/figure>\n<!-- \/wp:pullquote --><!-- wp:paragraph -->\n<p>\u00a0<\/p>\n<!-- \/wp:paragraph -->\t\t\t\t\t\t<\/div>\n\t\t\t\t<\/div>\n\t\t\t\t\t<\/div>\n\t\t\t\t<\/div>\n\t\t\t\t<\/div>\n\t\t","protected":false},"excerpt":{"rendered":"<p>Kursy dla przedszkolaka \u00a0 (ju\u017c od 2 roku \u017cycia !) Zaj\u0119cia najm\u0142odszych przeprowadzane s\u0105 w oparciu o ksi\u0105\u017ceczki kt\u00f3rym towarzysz\u0105 [&hellip;]<\/p>\n","protected":false},"author":1,"featured_media":0,"parent":0,"menu_order":0,"comment_status":"closed","ping_status":"closed","template":"","meta":{"site-sidebar-layout":"default","site-content-layout":"","ast-site-content-layout":"","site-content-style":"default","site-sidebar-style":"default","ast-global-header-display":"","ast-banner-title-visibility":"","ast-main-header-display":"","ast-hfb-above-header-display":"","ast-hfb-below-header-display":"","ast-hfb-mobile-header-display":"","site-post-title":"","ast-breadcrumbs-content":"","ast-featured-img":"","footer-sml-layout":"","theme-transparent-header-meta":"","adv-header-id-meta":"","stick-header-meta":"","header-above-stick-meta":"","header-main-stick-meta":"","header-below-stick-meta":"","astra-migrate-meta-layouts":"default","ast-page-background-enabled":"default","ast-page-background-meta":{"desktop":{"background-color":"var(--ast-global-color-4)","background-image":"","background-repeat":"repeat","background-position":"center center","background-size":"auto","background-attachment":"scroll","background-type":"","background-media":"","overlay-type":"","overlay-color":"","overlay-opacity":"","overlay-gradient":""},"tablet":{"background-color":"","background-image":"","background-repeat":"repeat","background-position":"center center","background-size":"auto","background-attachment":"scroll","background-type":"","background-media":"","overlay-type":"","overlay-color":"","overlay-opacity":"","overlay-gradient":""},"mobile":{"background-color":"","background-image":"","background-repeat":"repeat","background-position":"center center","background-size":"auto","background-attachment":"scroll","background-type":"","background-media":"","overlay-type":"","overlay-color":"","overlay-opacity":"","overlay-gradient":""}},"ast-content-background-meta":{"desktop":{"background-color":"var(--ast-global-color-5)","background-image":"","background-repeat":"repeat","background-position":"center center","background-size":"auto","background-attachment":"scroll","background-type":"","background-media":"","overlay-type":"","overlay-color":"","overlay-opacity":"","overlay-gradient":""},"tablet":{"background-color":"var(--ast-global-color-5)","background-image":"","background-repeat":"repeat","background-position":"center center","background-size":"auto","background-attachment":"scroll","background-type":"","background-media":"","overlay-type":"","overlay-color":"","overlay-opacity":"","overlay-gradient":""},"mobile":{"background-color":"var(--ast-global-color-5)","background-image":"","background-repeat":"repeat","background-position":"center center","background-size":"auto","background-attachment":"scroll","background-type":"","background-media":"","overlay-type":"","overlay-color":"","overlay-opacity":"","overlay-gradient":""}},"footnotes":""},"class_list":["post-80","page","type-page","status-publish","hentry"],"_links":{"self":[{"href":"https:\/\/szkolanajezykach.pl\/index.php?rest_route=\/wp\/v2\/pages\/80","targetHints":{"allow":["GET"]}}],"collection":[{"href":"https:\/\/szkolanajezykach.pl\/index.php?rest_route=\/wp\/v2\/pages"}],"about":[{"href":"https:\/\/szkolanajezykach.pl\/index.php?rest_route=\/wp\/v2\/types\/page"}],"author":[{"embeddable":true,"href":"https:\/\/szkolanajezykach.pl\/index.php?rest_route=\/wp\/v2\/users\/1"}],"replies":[{"embeddable":true,"href":"https:\/\/szkolanajezykach.pl\/index.php?rest_route=%2Fwp%2Fv2%2Fcomments&post=80"}],"version-history":[{"count":17,"href":"https:\/\/szkolanajezykach.pl\/index.php?rest_route=\/wp\/v2\/pages\/80\/revisions"}],"predecessor-version":[{"id":365,"href":"https:\/\/szkolanajezykach.pl\/index.php?rest_route=\/wp\/v2\/pages\/80\/revisions\/365"}],"wp:attachment":[{"href":"https:\/\/szkolanajezykach.pl\/index.php?rest_route=%2Fwp%2Fv2%2Fmedia&parent=80"}],"curies":[{"name":"wp","href":"https:\/\/api.w.org\/{rel}","templated":true}]}}